{"id":35,"date":"2018-12-13T11:08:33","date_gmt":"2018-12-13T10:08:33","guid":{"rendered":"http:\/\/milanclubdottikon.ch\/?page_id=35"},"modified":"2018-12-13T11:08:33","modified_gmt":"2018-12-13T10:08:33","slug":"storia","status":"publish","type":"page","link":"https:\/\/milanclubdottikon.ch\/?page_id=35","title":{"rendered":"Storia"},"content":{"rendered":"<p>\u00c8 difficile raccontare pi\u00f9 di 50 anni di vita, anche perch\u00e9 ci servirebbe la testimonianza di tantissime persone che hanno fatto la storia del Milan Club Dottikon. Noi ci proviamo sintetizzando un pochino la cosa.<\/p>\n<p>Durante gli anni 60 erano moltissimi gli italiani che partivano per il mondo a cercare lavoro. La Svizzera tedesca, e precisamente il paesino di Dottikon era una delle mete preferite da tantissimi, quindi era molto pi\u00f9 facile formare delle comunit\u00e0.<\/p>\n<p>Si crearono subito delle amicizie ed il Ristorante Sternen divenne il luogo d\u2019incontro dove poter fare una partita a carte, bere una birra e discutere di sport, pi\u00f9 precisamente di calcio commentando quelle poche notizie che allora giungevano dalla nostra amata Italia. Durante quel periodo si seguivano le imprese del Fussball Club Dottikon che militava nel campionato di terza lega, tanta era la passione, tantissima era la voglia di essere protagonisti, quindi si prese in seria considerazione la proposta fatta da un gruppo d\u2019amici, guidati da un certo Raimondo Izzo, di formare una squadra di calcio italiana, visto che la maggioranza era di fede rossonera, pensarono di chiamarla Milan Club Dottikon.<\/p>\n<p>L\u2019idea era nata, bisognava realizzarla, per far questo c\u2019era bisogno di qualcuno che contava nell\u2019ambiente sportivo e soprattutto calcistico di Dottikon, chiesero l\u2019aiuto ai Sig. Walter Schmid ed Rolf Wernli, due persone squisite e stimate che diedero subito la loro disponibilit\u00e0.<\/p>\n<p>Nacque cosi nella primavera del 1965 il \u201c<strong>MILAN CLUB DOTTIKON<\/strong>\u201c con a capo il suo primo presidente RAIMONDO IZZO.<\/p>\n<p>La squadra fu integrata nel FC Dottikon come Dottikon 2b, ma gestita totalmente da un proprio direttivo, formato da presidente, vice presidente, cassiere ecc. ecc. fu concordato e firmato uno statuto interno, con delle regole ben precise nel rispetto da entrambi le parti.<\/p>\n<p>La squadra fu iscritta al campionato di 4\u00b0 lega conosciuta presso il Aargauische Fussballverband\u00a0come Dottikon 2b, ma quello che era importante che in tutto il cantone Argovia ed oltre era conosciuta come MILAN CLUB DOTTIKON.<\/p>\n<p>Gli inizi furono difficili, ci\u00f2 nonostante furono superati tantissimi ostacoli, e grazie alla bravura dei giocatori, nonch\u00e9 all\u2019instancabile lavoro ed al grande entusiasmo del presidente Raimondo Izzo il Milan Club riusc\u00ec nel 68-69 a vincere il campionato di 4a lega, conquistando il diritto di disputare gli spareggi per il salto di categoria.<\/p>\n<p>Purtroppo ci fu grande delusione ed amarezza quando perse seppur onorevolmente per 0 \u2013 1 la partita decisiva contro il D\u00f6ttingen. Si continu\u00f2 a giocare in 4a lega per tantissimi anni disputando dei grandissimi campionati sempre al vertice. Durante tutti quegli anni sono stati tantissimi i giocatori che hanno militato nelle file del Milan Club, attratti\u00a0anche dalla seriet\u00e0 e<\/p>\n<p>professionalit\u00e0 dei suoi dirigenti. Se si vuole fare qualche nome di giocatori, allenatori e dirigenti che hanno fatto la storia ci vengono in mente i seguenti nomi:<\/p>\n<p>Presidenti:\u00a0Izzo, Dell\u2019Anno, R. Zappal\u00e0, l\u2019attuale vicepresidente A. Casella, e poi l\u2019indimenticabile Emilio Caggiano, un grande, che nonostante la sua fede nerazzurra rimase legato al Milan Club fino all\u2019ultimo.<\/p>\n<p>Allenatori: Luardi, Micelli, Sforza Fortunato, l\u2019attuale presidente S.Tigano.<\/p>\n<p>Giocatori: F. Sforza, E Gatti, A. Casella, G. Adamo, F. Tigano, S. Tigano<\/p>\n<p>Il 1990 fu un anno particolare nella storia del Milan Club Dottikon, grazie ad una dirigenza esemplare, ad un gruppo di giocatori bravi guidati da un allenatore (Tigano Salvatore) altrettanto preparato si riusc\u00ec a vincere il campionato. Quindi si poterono festeggiare contemporaneamente il 25\u00b0 anniversario di fondazione nonch\u00e9 la tanto sospirata promozione in terza lega. L\u2019attivit\u00e0 sportiva continu\u00f2 con la disputa di ottimi campionati di terza lega raggiungendo degli ottimi risultati sfiorando talvolta gli spareggi per la promozione in seconda lega. Durante tutti questi anni il direttivo Milan Club non ebbe mai una sede sociale fissa, per le sue riunioni, per i suoi incontri o per piccole festicciole. Fu sempre costretto ad emigrare da un ristorante all\u2019altro, per 32 anni si \u00e8 cercato di trovare un locale, gli fu sempre negato, molto probabilmente qualcuno aveva interesse che ci\u00f2 non avvenisse.<\/p>\n<p>Nel 1992 Tigano Salvatore prese contatti con Milano per far riconoscere il Milan Club Dottikon presso la A.I.M.C. (Associazione Italiana Milan Club) il primo Luglio del 1993 il Milan Club Dottikon fu affiliato alla A.I.M.C. Associazione questa che all\u2019epoca raggruppava oltre 1200 Club sparsi in tutto il mondo. (Anche se a dire il vero nei primi anni di vita ci furono dei contatti con Milano, come dimostra un documento in nostro possesso e visibile nella nastra Galerie).<\/p>\n<p>Qualche anno dopo ci fu data l\u2019opportunit\u00e0 d\u2019affittare un locale presso la vecchia Bally-Fabrik, fu preso subito e divenne la nostra attuale sede sociale: Klublokal \/ Circolo<\/p>\n<p>Purtroppo questo ci cost\u00f2 caro, infatti molto probabilmente a causa del Circolo perdemmo la squadra, infatti cominciarono a sorgere delle incomprensioni fra il Milan Club e l\u2019allora \u00a0dirigenza dell\u2019 FC Dottikon, infatti messi con le spalle al muro ed umiliati, come mai era accaduto in 32 anni di vita, e con tantissime dirigenze diverse, ma\u00a0 soprattutto dopo aver dato tantissimo a questa societ\u00e0, il nostro Club decise anche se molto a malincuore e con tanta rabbia di cessare la propria partecipazione al calcio attivo, rimanendo per\u00f2 affiliato alla A.I.M.C e limitando la propria attivit\u00e0 alla gestione del Club. Infatti, ormai da anni il Milan Club Dottikon si dedica ad organizzare feste, eventi per beneficenza, pellegrinaggi, sostegni a distanza, riunioni culturali, trasferte allo stadio, coinvolgendo in tutte queste attivit\u00e0 anche tutti i soci e simpatizzanti.<\/p>\n<p>Contiamo anche in futuro sull\u2019appoggio e sull\u2019entusiasmo dei nostri affezionatissimi soci\u00a0giovani ed anziani, per il proseguimento delle nostre attivit\u00e0 ispirate sempre all\u2019attaccamento ai nostri grandi valori, e sostenuti dalla storia indimenticabile del nostro amatissimo Milan Club Dottikon.<\/p>\n<p>Autori<\/p>\n<p>A. Casella e S. Tigano<\/p>\n","protected":false},"excerpt":{"rendered":"<p>\u00c8 difficile raccontare pi\u00f9 di 50 anni di vita, anche perch\u00e9 ci servirebbe la testimonianza di tantissime persone che hanno fatto la storia del Milan Club Dottikon. Noi ci proviamo sintetizzando un pochino la cosa. &hellip;<\/p>\n","protected":false},"author":1,"featured_media":0,"parent":0,"menu_order":0,"comment_status":"closed","ping_status":"closed","template":"","meta":{"footnotes":""},"class_list":["post-35","page","type-page","status-publish","hentry"],"_links":{"self":[{"href":"https:\/\/milanclubdottikon.ch\/index.php?rest_route=\/wp\/v2\/pages\/35","targetHints":{"allow":["GET"]}}],"collection":[{"href":"https:\/\/milanclubdottikon.ch\/index.php?rest_route=\/wp\/v2\/pages"}],"about":[{"href":"https:\/\/milanclubdottikon.ch\/index.php?rest_route=\/wp\/v2\/types\/page"}],"author":[{"embeddable":true,"href":"https:\/\/milanclubdottikon.ch\/index.php?rest_route=\/wp\/v2\/users\/1"}],"replies":[{"embeddable":true,"href":"https:\/\/milanclubdottikon.ch\/index.php?rest_route=%2Fwp%2Fv2%2Fcomments&post=35"}],"version-history":[{"count":1,"href":"https:\/\/milanclubdottikon.ch\/index.php?rest_route=\/wp\/v2\/pages\/35\/revisions"}],"predecessor-version":[{"id":36,"href":"https:\/\/milanclubdottikon.ch\/index.php?rest_route=\/wp\/v2\/pages\/35\/revisions\/36"}],"wp:attachment":[{"href":"https:\/\/milanclubdottikon.ch\/index.php?rest_route=%2Fwp%2Fv2%2Fmedia&parent=35"}],"curies":[{"name":"wp","href":"https:\/\/api.w.org\/{rel}","templated":true}]}}